{"id":649,"date":"2018-08-21T00:50:49","date_gmt":"2018-08-21T00:50:49","guid":{"rendered":"http:\/\/bastop.com\/?page_id=649"},"modified":"2024-03-25T14:00:25","modified_gmt":"2024-03-25T14:00:25","slug":"espanol-como-preparar-tu-primer-viaje-el-viaje-de-prueba","status":"publish","type":"page","link":"https:\/\/bastop.com\/es\/espanol-como-preparar-tu-primer-viaje-el-viaje-de-prueba\/","title":{"rendered":"COMO PREPARAR TU PRIMER VIAJE \u00abEL VIAJE DE PRUEBA\u00bb"},"content":{"rendered":"La mayor\u00eda de personas que conozco desean viajar, explorar el mundo o simplemente conocer su pa\u00eds, pero no saben como llevar a cabo esta idea, generalmente piensan que para viajar se necesita mucho dinero, o s\u00f3lo lo pueden hacer quienes tienen mejor estatus social. Yo soy el vivo ejemplo que esto no es un requisito indispensable.<\/p>\n<p>Lo primero que necesitas para preparar un viaje y aunque muy tonto parezca es: decidir el destino a el que ir\u00e1s, se trata de elegir la mejor opci\u00f3n que se adapte a todo lo que est\u00e1s buscando, ya sea una zona tranquila, un clima distinto, conocer algo que te atrae de ese lugar, o cambiar de aires.<\/p>\n<p>Recomiendo elaborar una lista con los lugares a los que te gustar\u00eda ir, y organizar estos priorizando t\u00fa presupuesto para comprar boletos a\u00e9reos o terrestres, para pagar alojamiento, comida y tal vez entradas a algunas atracciones. Luego, analizar el tiempo del que dispones para realizar el viaje, revisar el estado clim\u00e1tico de este destino, y por \u00faltimo las cosas que necesitas llevar contigo.<\/p>\n<p>La mejor opci\u00f3n para realizar un primer viaje es un destino cercano que no genere grandes complicaciones, una ciudad a una hora de vuelo me parece ideal. Pienso que estos son tramos excelentes para familiarizarte con los aereopuertos, aprender a hacer un check-in, o a usar las plataformas electr\u00f3nicas creadas con tales fines\u2026 tambi\u00e9n estos viajes de tramos cortos sirven como guia para aprender a buscar hospedajes a trav\u00e9s de la web (existen p\u00e1ginas como Booking, Hostelworld, Airbnb) asi experimentar y definir en donde te sientes m\u00e1s comodo. En la actualidad existe un mercado amplio ofertando todo tipo de opciones, desde un apartamento amoblado s\u00f3lo para ti (mayor precio), hasta una casa mediana de 4 cuartos y 2 o 3 ba\u00f1os acondicionados para 20 personas los populares \u201chostales\u201d o \u201chostels\u201d (menor precio), claro que esto varia mucho dependiendo de el lugar, en mi experiencia personal encontr\u00e9 ciudades donde facilmente puedes hospedarte en un hotel 3 estrellas a muy bajo costo.<\/p>\n<p>El primer viaje o \u201cviaje de prueba\u201d tambi\u00e9n es perfecto para aprender a organizar el equipaje de una forma correcta, con los objetos indispensables, estoy segura que llevar\u00e1s algo innecesario, una prenda que no te vas a poner nunca o alg\u00fan objeto que cuando est\u00e9s de regreso notar\u00e1s que solo sirvi\u00f3 para ocupar espacio, esto si es un asunto muy personal y cada qui\u00e9n crear\u00e1 su propio estilo. Hasta que no realices un viaje no podr\u00e1s definir cuales son esos objetos indispensables e irremplazables en t\u00fa vida diaria.<\/p>\n<p>Por ultimo y muy importante ABRIR T\u00da MENTE, para experimentar otras formas de vida, ver el mundo desde otra perspectiva y apreciar lo bello de interactuar con personas que nacieron y crecieron en otro lugar. Atreverte a probar nuevos sabores, nuevos medios de transportes, por muy peque\u00f1a que sea la experiencia si disfrutas cada detalle te enamorar\u00e1s e ir\u00e1s aprendiendo a Viajar de la mejor forma, sin traumas, sin complicaciones.<\/p>\n<p>&nbsp;<\/p>\n<div class=\"yj6qo\"><\/div>","protected":false},"excerpt":{"rendered":"<p>La mayor\u00eda de personas que conozco desean viajar, explorar el mundo o simplemente conocer su pa\u00eds, pero no saben como llevar a cabo esta idea, generalmente piensan que para viajar se necesita<a class=\"moretag\" href=\"https:\/\/bastop.com\/es\/espanol-como-preparar-tu-primer-viaje-el-viaje-de-prueba\/\">Read More<\/a><\/p>\n","protected":false},"author":1,"featured_media":650,"parent":0,"menu_order":0,"comment_status":"closed","ping_status":"closed","template":"","meta":{"_joinchat":[],"footnotes":""},"class_list":["post-649","page","type-page","status-publish","has-post-thumbnail","hentry"],"_links":{"self":[{"href":"https:\/\/bastop.com\/es\/wp-json\/wp\/v2\/pages\/649","targetHints":{"allow":["GET"]}}],"collection":[{"href":"https:\/\/bastop.com\/es\/wp-json\/wp\/v2\/pages"}],"about":[{"href":"https:\/\/bastop.com\/es\/wp-json\/wp\/v2\/types\/page"}],"author":[{"embeddable":true,"href":"https:\/\/bastop.com\/es\/wp-json\/wp\/v2\/users\/1"}],"replies":[{"embeddable":true,"href":"https:\/\/bastop.com\/es\/wp-json\/wp\/v2\/comments?post=649"}],"version-history":[{"count":1,"href":"https:\/\/bastop.com\/es\/wp-json\/wp\/v2\/pages\/649\/revisions"}],"predecessor-version":[{"id":651,"href":"https:\/\/bastop.com\/es\/wp-json\/wp\/v2\/pages\/649\/revisions\/651"}],"wp:featuredmedia":[{"embeddable":true,"href":"https:\/\/bastop.com\/es\/wp-json\/wp\/v2\/media\/650"}],"wp:attachment":[{"href":"https:\/\/bastop.com\/es\/wp-json\/wp\/v2\/media?parent=649"}],"curies":[{"name":"wp","href":"https:\/\/api.w.org\/{rel}","templated":true}]}}