{"id":827,"date":"2023-04-17T16:57:34","date_gmt":"2023-04-17T16:57:34","guid":{"rendered":"https:\/\/bastop.com\/?page_id=827"},"modified":"2024-03-25T14:00:25","modified_gmt":"2024-03-25T14:00:25","slug":"areas-comunes","status":"publish","type":"page","link":"https:\/\/bastop.com\/es\/areas-comunes\/","title":{"rendered":"\u00c1reas Comunes"},"content":{"rendered":"<div><\/div>\n<div style=\"text-align: left;\"><b>RECEPCI\u00d3N<\/b><\/div>\n<div style=\"text-align: left;\">Nuestra recepci\u00f3n es un t\u00edpico patio porte\u00f1o, con sus pisos originales y paredes adornadas con arte local.<br \/>\nAqu\u00ed te recibimos, te ayudamos en tu estad\u00eda y te decimos hasta la pr\u00f3xima.<\/div>\n<div style=\"text-align: left;\"><b>SAL\u00d3N COM\u00daN<\/b><\/div>\n<div style=\"text-align: left;\">Es un espacio de encuentro ideal para conocer personas de todo el mundo.<br \/>\nPodr\u00e1s compartir comidas y ver televisi\u00f3n, tambi\u00e9n estudiar o trabajar ya que contamos con mesa exclusiva con dispositivos m\u00f3viles y wifi 24hs.<\/div>\n<div style=\"text-align: left;\"><b>TERRAZA<\/b><\/div>\n<div style=\"text-align: left;\">Un espacio al aire libre con vistas a las c\u00fapulas emblem\u00e1ticas de Buenos Aires.<br \/>\n\u00a1Para disfrutar en cualquier \u00e9poca del a\u00f1o!<\/div>","protected":false},"excerpt":{"rendered":"<p>RECEPCI\u00d3N Nuestra recepci\u00f3n es un t\u00edpico patio porte\u00f1o, con sus pisos originales y paredes adornadas con arte local. Aqu\u00ed te recibimos, te ayudamos en tu estad\u00eda y te decimos hasta la pr\u00f3xima.<a class=\"moretag\" href=\"https:\/\/bastop.com\/es\/areas-comunes\/\">Read More<\/a><\/p>\n","protected":false},"author":1,"featured_media":0,"parent":0,"menu_order":0,"comment_status":"closed","ping_status":"closed","template":"areas-comunes-template.php","meta":{"_joinchat":[],"footnotes":""},"class_list":["post-827","page","type-page","status-publish","hentry"],"_links":{"self":[{"href":"https:\/\/bastop.com\/es\/wp-json\/wp\/v2\/pages\/827","targetHints":{"allow":["GET"]}}],"collection":[{"href":"https:\/\/bastop.com\/es\/wp-json\/wp\/v2\/pages"}],"about":[{"href":"https:\/\/bastop.com\/es\/wp-json\/wp\/v2\/types\/page"}],"author":[{"embeddable":true,"href":"https:\/\/bastop.com\/es\/wp-json\/wp\/v2\/users\/1"}],"replies":[{"embeddable":true,"href":"https:\/\/bastop.com\/es\/wp-json\/wp\/v2\/comments?post=827"}],"version-history":[{"count":10,"href":"https:\/\/bastop.com\/es\/wp-json\/wp\/v2\/pages\/827\/revisions"}],"predecessor-version":[{"id":849,"href":"https:\/\/bastop.com\/es\/wp-json\/wp\/v2\/pages\/827\/revisions\/849"}],"wp:attachment":[{"href":"https:\/\/bastop.com\/es\/wp-json\/wp\/v2\/media?parent=827"}],"curies":[{"name":"wp","href":"https:\/\/api.w.org\/{rel}","templated":true}]}}