{"id":21,"date":"2016-06-14T17:23:17","date_gmt":"2016-06-14T17:23:17","guid":{"rendered":"http:\/\/bastop.com\/?page_id=21"},"modified":"2024-03-25T14:00:25","modified_gmt":"2024-03-25T14:00:25","slug":"location","status":"publish","type":"page","link":"https:\/\/bastop.com\/pb\/location\/","title":{"rendered":"LOCALIZA\u00c7\u00c3O"},"content":{"rendered":"<strong>Localizado no cora\u00e7\u00e3o da cidade, em uma \u00e1rea segura, a apenas uma quadra da hist\u00f3rica Avenida de Mayo e a alguns passos de todas as mais importantes linhas de metr\u00f4 e \u00f4nibus.<\/strong>","protected":false},"excerpt":{"rendered":"<p>Localizado no cora\u00e7\u00e3o da cidade, em uma \u00e1rea segura, a apenas uma quadra da hist\u00f3rica Avenida de Mayo e a alguns passos de todas as mais importantes linhas de metr\u00f4 e \u00f4nibus.<\/p>\n","protected":false},"author":1,"featured_media":0,"parent":0,"menu_order":0,"comment_status":"closed","ping_status":"closed","template":"location-template.php","meta":{"_joinchat":[],"footnotes":""},"class_list":["post-21","page","type-page","status-publish","hentry"],"_links":{"self":[{"href":"https:\/\/bastop.com\/pb\/wp-json\/wp\/v2\/pages\/21","targetHints":{"allow":["GET"]}}],"collection":[{"href":"https:\/\/bastop.com\/pb\/wp-json\/wp\/v2\/pages"}],"about":[{"href":"https:\/\/bastop.com\/pb\/wp-json\/wp\/v2\/types\/page"}],"author":[{"embeddable":true,"href":"https:\/\/bastop.com\/pb\/wp-json\/wp\/v2\/users\/1"}],"replies":[{"embeddable":true,"href":"https:\/\/bastop.com\/pb\/wp-json\/wp\/v2\/comments?post=21"}],"version-history":[{"count":43,"href":"https:\/\/bastop.com\/pb\/wp-json\/wp\/v2\/pages\/21\/revisions"}],"predecessor-version":[{"id":782,"href":"https:\/\/bastop.com\/pb\/wp-json\/wp\/v2\/pages\/21\/revisions\/782"}],"wp:attachment":[{"href":"https:\/\/bastop.com\/pb\/wp-json\/wp\/v2\/media?parent=21"}],"curies":[{"name":"wp","href":"https:\/\/api.w.org\/{rel}","templated":true}]}}