{"id":649,"date":"2018-08-21T00:50:49","date_gmt":"2018-08-21T00:50:49","guid":{"rendered":"http:\/\/bastop.com\/?page_id=649"},"modified":"2024-03-25T14:00:25","modified_gmt":"2024-03-25T14:00:25","slug":"espanol-como-preparar-tu-primer-viaje-el-viaje-de-prueba","status":"publish","type":"page","link":"https:\/\/bastop.com\/pb\/espanol-como-preparar-tu-primer-viaje-el-viaje-de-prueba\/","title":{"rendered":"(Espa\u00f1ol) COMO PREPARAR TU PRIMER VIAJE &#8220;EL VIAJE DE PRUEBA&#8221;"},"content":{"rendered":"<p class=\"qtranxs-available-languages-message qtranxs-available-languages-message-pb\">Desculpe-nos, mas este texto est\u00e1 apenas dispon\u00edvel em <a href=\"https:\/\/bastop.com\/es\/wp-json\/wp\/v2\/pages\/649\" class=\"qtranxs-available-language-link qtranxs-available-language-link-es\" title=\"Espa\u00f1ol\">Espa\u00f1ol<\/a>.<\/p>","protected":false},"excerpt":{"rendered":"<p>Desculpe-nos, mas este texto est\u00e1 apenas dispon\u00edvel em Espa\u00f1ol.<\/p>\n","protected":false},"author":1,"featured_media":650,"parent":0,"menu_order":0,"comment_status":"closed","ping_status":"closed","template":"","meta":{"_joinchat":[],"footnotes":""},"class_list":["post-649","page","type-page","status-publish","has-post-thumbnail","hentry"],"_links":{"self":[{"href":"https:\/\/bastop.com\/pb\/wp-json\/wp\/v2\/pages\/649","targetHints":{"allow":["GET"]}}],"collection":[{"href":"https:\/\/bastop.com\/pb\/wp-json\/wp\/v2\/pages"}],"about":[{"href":"https:\/\/bastop.com\/pb\/wp-json\/wp\/v2\/types\/page"}],"author":[{"embeddable":true,"href":"https:\/\/bastop.com\/pb\/wp-json\/wp\/v2\/users\/1"}],"replies":[{"embeddable":true,"href":"https:\/\/bastop.com\/pb\/wp-json\/wp\/v2\/comments?post=649"}],"version-history":[{"count":1,"href":"https:\/\/bastop.com\/pb\/wp-json\/wp\/v2\/pages\/649\/revisions"}],"predecessor-version":[{"id":651,"href":"https:\/\/bastop.com\/pb\/wp-json\/wp\/v2\/pages\/649\/revisions\/651"}],"wp:featuredmedia":[{"embeddable":true,"href":"https:\/\/bastop.com\/pb\/wp-json\/wp\/v2\/media\/650"}],"wp:attachment":[{"href":"https:\/\/bastop.com\/pb\/wp-json\/wp\/v2\/media?parent=649"}],"curies":[{"name":"wp","href":"https:\/\/api.w.org\/{rel}","templated":true}]}}